{"id":14920,"date":"2022-02-22T12:22:52","date_gmt":"2022-02-22T11:22:52","guid":{"rendered":"https:\/\/port.leba.eu\/pl\/?page_id=14920"},"modified":"2026-04-02T22:10:45","modified_gmt":"2026-04-02T21:10:45","slug":"pralnia","status":"publish","type":"page","link":"https:\/\/port.leba.eu\/pl\/pralnia","title":{"rendered":"Pralnia"},"content":{"rendered":"<p><div class=\"fusion-fullwidth fullwidth-box fusion-builder-row-1 fusion-flex-container fusion-parallax-none nonhundred-percent-fullwidth non-hundred-percent-height-scrolling lazyload\" style=\"--awb-border-radius-top-left:0px;--awb-border-radius-top-right:0px;--awb-border-radius-bottom-right:0px;--awb-border-radius-bottom-left:0px;--awb-padding-top:400px;--awb-margin-top:0px;--awb-margin-bottom:20px;--awb-background-color:#4f9cef;--awb-background-size:cover;--awb-flex-wrap:wrap;\" data-bg=\"https:\/\/port.leba.eu\/pl\/wp-content\/uploads\/2022\/02\/pralnia-bg.jpg\" ><div class=\"fusion-builder-row fusion-row fusion-flex-align-items-flex-start fusion-flex-content-wrap\" style=\"max-width:1456px;margin-left: calc(-4% \/ 2 );margin-right: calc(-4% \/ 2 );\"><\/div><\/div><div class=\"fusion-fullwidth fullwidth-box fusion-builder-row-2 fusion-flex-container nonhundred-percent-fullwidth non-hundred-percent-height-scrolling\" style=\"--awb-background-position:left top;--awb-border-sizes-top:0px;--awb-border-sizes-bottom:0px;--awb-border-sizes-left:0px;--awb-border-sizes-right:0px;--awb-border-radius-top-left:0px;--awb-border-radius-top-right:0px;--awb-border-radius-bottom-right:0px;--awb-border-radius-bottom-left:0px;--awb-padding-top:20px;--awb-padding-bottom:20px;--awb-flex-wrap:wrap;\" ><div class=\"fusion-builder-row fusion-row fusion-flex-align-items-flex-start fusion-flex-content-wrap\" style=\"max-width:1456px;margin-left: calc(-4% \/ 2 );margin-right: calc(-4% \/ 2 );\"><div class=\"fusion-layout-column fusion_builder_column fusion-builder-column-0 fusion_builder_column_1_2 1_2 fusion-flex-column\" style=\"--awb-bg-blend:overlay;--awb-bg-size:cover;--awb-width-large:50%;--awb-margin-top-large:0px;--awb-spacing-right-large:3.84%;--awb-margin-bottom-large:20px;--awb-spacing-left-large:3.84%;--awb-width-medium:100%;--awb-spacing-right-medium:1.92%;--awb-spacing-left-medium:1.92%;--awb-width-small:100%;--awb-spacing-right-small:1.92%;--awb-spacing-left-small:1.92%;\"><div class=\"fusion-column-wrapper fusion-flex-justify-content-flex-start fusion-content-layout-column\"><div class=\"fusion-text fusion-text-1\" style=\"--awb-text-transform:none;\"><h1 data-fusion-font=\"true\"><span style=\"color: #333399;\"><strong><img decoding=\"async\" class=\"lazyload alignleft size-full wp-image-14933\" src=\"data:image\/svg+xml,%3Csvg%20xmlns%3D%27http%3A%2F%2Fwww.w3.org%2F2000%2Fsvg%27%20width%3D%27114%27%20height%3D%2790%27%20viewBox%3D%270%200%20114%2090%27%3E%3Crect%20width%3D%27114%27%20height%3D%2790%27%20fill-opacity%3D%220%22%2F%3E%3C%2Fsvg%3E\" data-orig-src=\"https:\/\/port.leba.eu\/pl\/wp-content\/uploads\/2022\/02\/pralnia-ico.png\" alt=\"\" width=\"114\" height=\"90\" \/>Zapraszamy do korzystania z naszej portowej pralni. Pralnia jest czynna 24 h na dob\u0119, 7 dni w tygodniu.<\/strong><\/span><\/h1>\n<h1 data-fusion-font=\"true\"><span style=\"color: #ffffff;\"><b><mark class=\"fusion-highlight dark highlight1 awb-highlight-background\" style=\"--awb-color:#b20005;\">Cennik prania:<\/mark><\/b><\/span><\/h1>\n<div>\n<p>Programy pralnicowir\u00f3wki:<\/p>\n<ul>\n<li>woda zimna &#8211; kwota 10 z\u0142<\/li>\n<li>30 stopni &#8211; kwota 15 z\u0142<\/li>\n<li>40 stopni &#8211; kwota 20 z\u0142<\/li>\n<li>60 stopni &#8211; kwota 25 z\u0142<\/li>\n<li>90 stopni &#8211; kwota 30 z\u0142<\/li>\n<li>Suszarka 1 cykl &#8211; 20 z\u0142<\/li>\n<li>Vanish 100ml &#8211; 5 z\u0142<\/li>\n<li>Proszek koncentrat 40g &#8211; 5 z\u0142<\/li>\n<li>Proszek 260g &#8211; 8 z\u0142<\/li>\n<li>Proszek 375g &#8211; 10 z\u0142<\/li>\n<li>P\u0142yn do prania sztormiak\u00f3w 20g &#8211; 10 z\u0142<\/li>\n<\/ul>\n<\/div>\n<\/div><div class=\"fusion-separator fusion-full-width-sep\" style=\"align-self: center;margin-left: auto;margin-right: auto;margin-top:20px;margin-bottom:20px;width:100%;\"><div class=\"fusion-separator-border sep-wavy\" style=\"--awb-height:20px;--awb-amount:20px;--awb-separator-pattern-url:url(&quot;data:image\/svg+xml;utf8,%3Csvg%20xmlns%3D%22http%3A%2F%2Fwww.w3.org%2F2000%2Fsvg%22%20preserveAspectRatio%3D%22none%22%20overflow%3D%22visible%22%20height%3D%22100%25%22%20viewBox%3D%220%200%2024%2024%22%20fill%3D%22none%22%20stroke%3D%22black%22%20stroke-width%3D%221%22%20stroke-linecap%3D%22square%22%20stroke-miterlimit%3D%2210%22%3E%3Cpath%20d%3D%22M0%2C6c6%2C0%2C0.9%2C11.1%2C6.9%2C11.1S18%2C6%2C24%2C6%22%2F%3E%3C%2Fsvg%3E&quot;);border-color:var(--awb-color4);\"><\/div><\/div><div class=\"fusion-text fusion-text-2\" style=\"--awb-text-transform:none;\"><p data-fusion-font=\"true\"><strong>W pralni istnieje mo\u017cliwo\u015b\u0107 skorzystania z poczekalni, w kt\u00f3rej jest:<\/strong><\/p>\n<ul>\n<li><strong>kuchnia<\/strong><\/li>\n<li><strong>telewizor<\/strong><\/li>\n<li><strong>prasowalnica<\/strong><\/li>\n<li><strong>mo\u017cliwo\u015b\u0107 na\u0142adowania telefonu<\/strong><\/li>\n<\/ul>\n<\/div><\/div><\/div><div class=\"fusion-layout-column fusion_builder_column fusion-builder-column-1 fusion_builder_column_1_2 1_2 fusion-flex-column\" style=\"--awb-bg-blend:overlay;--awb-bg-size:cover;--awb-width-large:50%;--awb-margin-top-large:0px;--awb-spacing-right-large:3.84%;--awb-margin-bottom-large:20px;--awb-spacing-left-large:3.84%;--awb-width-medium:100%;--awb-spacing-right-medium:1.92%;--awb-spacing-left-medium:1.92%;--awb-width-small:100%;--awb-spacing-right-small:1.92%;--awb-spacing-left-small:1.92%;\"><div class=\"fusion-column-wrapper fusion-flex-justify-content-flex-start fusion-content-layout-column\"><div class=\"fusion-image-element \" style=\"--awb-caption-title-font-family:var(--h2_typography-font-family);--awb-caption-title-font-weight:var(--h2_typography-font-weight);--awb-caption-title-font-style:var(--h2_typography-font-style);--awb-caption-title-size:var(--h2_typography-font-size);--awb-caption-title-transform:var(--h2_typography-text-transform);--awb-caption-title-line-height:var(--h2_typography-line-height);--awb-caption-title-letter-spacing:var(--h2_typography-letter-spacing);\"><span class=\" fusion-imageframe imageframe-none imageframe-1 hover-type-none\"><img decoding=\"async\" width=\"1024\" height=\"682\" title=\"port-6\" src=\"https:\/\/port.leba.eu\/pl\/wp-content\/uploads\/2021\/12\/port-6.jpg\" data-orig-src=\"https:\/\/port.leba.eu\/pl\/wp-content\/uploads\/2021\/12\/port-6-1024x682.jpg\" alt class=\"lazyload img-responsive wp-image-14901\" srcset=\"data:image\/svg+xml,%3Csvg%20xmlns%3D%27http%3A%2F%2Fwww.w3.org%2F2000%2Fsvg%27%20width%3D%271400%27%20height%3D%27933%27%20viewBox%3D%270%200%201400%20933%27%3E%3Crect%20width%3D%271400%27%20height%3D%27933%27%20fill-opacity%3D%220%22%2F%3E%3C%2Fsvg%3E\" data-srcset=\"https:\/\/port.leba.eu\/pl\/wp-content\/uploads\/2021\/12\/port-6-200x133.jpg 200w, https:\/\/port.leba.eu\/pl\/wp-content\/uploads\/2021\/12\/port-6-400x267.jpg 400w, https:\/\/port.leba.eu\/pl\/wp-content\/uploads\/2021\/12\/port-6-600x400.jpg 600w, https:\/\/port.leba.eu\/pl\/wp-content\/uploads\/2021\/12\/port-6-800x533.jpg 800w, https:\/\/port.leba.eu\/pl\/wp-content\/uploads\/2021\/12\/port-6-1200x800.jpg 1200w, https:\/\/port.leba.eu\/pl\/wp-content\/uploads\/2021\/12\/port-6.jpg 1400w\" data-sizes=\"auto\" data-orig-sizes=\"(max-width: 1024px) 100vw, (max-width: 640px) 100vw, 800px\" \/><\/span><\/div><div class=\"fusion-separator fusion-full-width-sep\" style=\"align-self: center;margin-left: auto;margin-right: auto;margin-top:20px;margin-bottom:20px;width:100%;\"><div class=\"fusion-separator-border sep-wavy\" style=\"--awb-height:20px;--awb-amount:20px;--awb-separator-pattern-url:url(&quot;data:image\/svg+xml;utf8,%3Csvg%20xmlns%3D%22http%3A%2F%2Fwww.w3.org%2F2000%2Fsvg%22%20preserveAspectRatio%3D%22none%22%20overflow%3D%22visible%22%20height%3D%22100%25%22%20viewBox%3D%220%200%2024%2024%22%20fill%3D%22none%22%20stroke%3D%22black%22%20stroke-width%3D%221%22%20stroke-linecap%3D%22square%22%20stroke-miterlimit%3D%2210%22%3E%3Cpath%20d%3D%22M0%2C6c6%2C0%2C0.9%2C11.1%2C6.9%2C11.1S18%2C6%2C24%2C6%22%2F%3E%3C%2Fsvg%3E&quot;);border-color:var(--awb-color4);\"><\/div><\/div><div class=\"fusion-image-element \" style=\"--awb-caption-title-font-family:var(--h2_typography-font-family);--awb-caption-title-font-weight:var(--h2_typography-font-weight);--awb-caption-title-font-style:var(--h2_typography-font-style);--awb-caption-title-size:var(--h2_typography-font-size);--awb-caption-title-transform:var(--h2_typography-text-transform);--awb-caption-title-line-height:var(--h2_typography-line-height);--awb-caption-title-letter-spacing:var(--h2_typography-letter-spacing);\"><span class=\" fusion-imageframe imageframe-none imageframe-2 hover-type-none\"><img decoding=\"async\" width=\"1024\" height=\"681\" title=\"port-8\" src=\"https:\/\/port.leba.eu\/pl\/wp-content\/uploads\/2021\/12\/port-8.jpg\" data-orig-src=\"https:\/\/port.leba.eu\/pl\/wp-content\/uploads\/2021\/12\/port-8-1024x681.jpg\" alt class=\"lazyload img-responsive wp-image-14903\" srcset=\"data:image\/svg+xml,%3Csvg%20xmlns%3D%27http%3A%2F%2Fwww.w3.org%2F2000%2Fsvg%27%20width%3D%271400%27%20height%3D%27931%27%20viewBox%3D%270%200%201400%20931%27%3E%3Crect%20width%3D%271400%27%20height%3D%27931%27%20fill-opacity%3D%220%22%2F%3E%3C%2Fsvg%3E\" data-srcset=\"https:\/\/port.leba.eu\/pl\/wp-content\/uploads\/2021\/12\/port-8-200x133.jpg 200w, https:\/\/port.leba.eu\/pl\/wp-content\/uploads\/2021\/12\/port-8-400x266.jpg 400w, https:\/\/port.leba.eu\/pl\/wp-content\/uploads\/2021\/12\/port-8-600x399.jpg 600w, https:\/\/port.leba.eu\/pl\/wp-content\/uploads\/2021\/12\/port-8-800x532.jpg 800w, https:\/\/port.leba.eu\/pl\/wp-content\/uploads\/2021\/12\/port-8-1200x798.jpg 1200w, https:\/\/port.leba.eu\/pl\/wp-content\/uploads\/2021\/12\/port-8.jpg 1400w\" data-sizes=\"auto\" data-orig-sizes=\"(max-width: 1024px) 100vw, (max-width: 640px) 100vw, 800px\" \/><\/span><\/div><\/div><\/div><\/div><\/div><\/p>\n","protected":false},"excerpt":{"rendered":"","protected":false},"author":2,"featured_media":0,"parent":0,"menu_order":0,"comment_status":"closed","ping_status":"closed","template":"100-width.php","meta":{"footnotes":""},"class_list":["post-14920","page","type-page","status-publish","hentry"],"_links":{"self":[{"href":"https:\/\/port.leba.eu\/pl\/wp-json\/wp\/v2\/pages\/14920","targetHints":{"allow":["GET"]}}],"collection":[{"href":"https:\/\/port.leba.eu\/pl\/wp-json\/wp\/v2\/pages"}],"about":[{"href":"https:\/\/port.leba.eu\/pl\/wp-json\/wp\/v2\/types\/page"}],"author":[{"embeddable":true,"href":"https:\/\/port.leba.eu\/pl\/wp-json\/wp\/v2\/users\/2"}],"replies":[{"embeddable":true,"href":"https:\/\/port.leba.eu\/pl\/wp-json\/wp\/v2\/comments?post=14920"}],"version-history":[{"count":28,"href":"https:\/\/port.leba.eu\/pl\/wp-json\/wp\/v2\/pages\/14920\/revisions"}],"predecessor-version":[{"id":15593,"href":"https:\/\/port.leba.eu\/pl\/wp-json\/wp\/v2\/pages\/14920\/revisions\/15593"}],"wp:attachment":[{"href":"https:\/\/port.leba.eu\/pl\/wp-json\/wp\/v2\/media?parent=14920"}],"curies":[{"name":"wp","href":"https:\/\/api.w.org\/{rel}","templated":true}]}}