{"id":12765,"date":"2016-01-27T09:58:00","date_gmt":"2016-01-27T08:58:00","guid":{"rendered":"http:\/\/port.leba.eu\/pl\/?page_id=12765"},"modified":"2026-04-02T22:14:37","modified_gmt":"2026-04-02T21:14:37","slug":"marinacamp","status":"publish","type":"page","link":"https:\/\/port.leba.eu\/pl\/marinacamp","title":{"rendered":"Marina Camp"},"content":{"rendered":"<p><div class=\"fusion-fullwidth fullwidth-box fusion-builder-row-1 fusion-flex-container fusion-parallax-none hundred-percent-fullwidth non-hundred-percent-height-scrolling lazyload\" style=\"--awb-border-radius-top-left:0px;--awb-border-radius-top-right:0px;--awb-border-radius-bottom-right:0px;--awb-border-radius-bottom-left:0px;--awb-background-size:cover;--awb-flex-wrap:wrap;\" data-bg=\"https:\/\/port.leba.eu\/pl\/wp-content\/uploads\/2019\/09\/2-camp-top.jpg\" ><div class=\"fusion-builder-row fusion-row fusion-flex-align-items-flex-start fusion-flex-content-wrap\" style=\"width:104% !important;max-width:104% !important;margin-left: calc(-4% \/ 2 );margin-right: calc(-4% \/ 2 );\"><div class=\"fusion-layout-column fusion_builder_column fusion-builder-column-0 fusion_builder_column_1_1 1_1 fusion-flex-column\" style=\"--awb-bg-size:cover;--awb-width-large:100%;--awb-margin-top-large:0px;--awb-spacing-right-large:1.92%;--awb-margin-bottom-large:20px;--awb-spacing-left-large:1.92%;--awb-width-medium:100%;--awb-spacing-right-medium:1.92%;--awb-spacing-left-medium:1.92%;--awb-width-small:100%;--awb-spacing-right-small:1.92%;--awb-spacing-left-small:1.92%;\"><div class=\"fusion-column-wrapper fusion-column-has-shadow fusion-flex-justify-content-flex-start fusion-content-layout-column\"><div class=\"fusion-separator fusion-full-width-sep\" style=\"align-self: center;margin-left: auto;margin-right: auto;margin-top:400px;margin-bottom:20px;width:100%;\"><\/div><\/div><\/div><\/div><\/div><div class=\"fusion-fullwidth fullwidth-box fusion-builder-row-2 fusion-flex-container nonhundred-percent-fullwidth non-hundred-percent-height-scrolling\" style=\"--awb-background-position:left top;--awb-border-sizes-top:0px;--awb-border-sizes-bottom:0px;--awb-border-sizes-left:0px;--awb-border-sizes-right:0px;--awb-border-radius-top-left:0px;--awb-border-radius-top-right:0px;--awb-border-radius-bottom-right:0px;--awb-border-radius-bottom-left:0px;--awb-padding-top:20px;--awb-padding-bottom:20px;--awb-flex-wrap:wrap;\" ><div class=\"fusion-builder-row fusion-row fusion-flex-align-items-flex-start fusion-flex-content-wrap\" style=\"max-width:1456px;margin-left: calc(-4% \/ 2 );margin-right: calc(-4% \/ 2 );\"><div class=\"fusion-layout-column fusion_builder_column fusion-builder-column-1 fusion_builder_column_1_2 1_2 fusion-flex-column\" style=\"--awb-bg-size:cover;--awb-width-large:50%;--awb-margin-top-large:0px;--awb-spacing-right-large:3.84%;--awb-margin-bottom-large:20px;--awb-spacing-left-large:3.84%;--awb-width-medium:100%;--awb-spacing-right-medium:1.92%;--awb-spacing-left-medium:1.92%;--awb-width-small:100%;--awb-spacing-right-small:1.92%;--awb-spacing-left-small:1.92%;\"><div class=\"fusion-column-wrapper fusion-flex-justify-content-flex-start fusion-content-layout-column\"><div class=\"fusion-text fusion-text-1\"><h1 data-fusion-font=\"true\"><b><mark class=\"fusion-highlight dark highlight1 awb-highlight-background\" style=\"--awb-color:#b20005;\"><span style=\"color: #ffffff;\">Marina Camp<\/span><\/mark><\/b><\/h1>\n<p>Je\u017celi caravaning jest Twoj\u0105 pasj\u0105 \u2013 Marina Camp w Porcie Jachtowym to idealne miejsce na rozbicie campingu. Dysponujemy przestronnym parkingiem \u00a0dla przyczep turystycznych z widokiem na Port, jednocze\u015bnie oddalonym 200 m do pla\u017cy w \u0141ebie. \u0141eba bogata jest w atrakcje dla ca\u0142ej rodziny lubi\u0105cej aktywny odpoczynek nad morzem, jednocze\u015bnie rozleg\u0142e wydmy zagwarantuj\u0105 cisz\u0119 i spok\u00f3j. Zapraszamy wszystkich pasjonat\u00f3w podr\u00f3\u017cowania kamperami na zaplanowanie przystanku w naszym <a href=\"https:\/\/port.leba.eu\/pl\/port\">porcie jachtowym w \u0141ebie<\/a> i zapoznania si\u0119 z pe\u0142n\u0105 ofert\u0105 naszego kompleksu.<\/p>\n<\/div><\/div><\/div><div class=\"fusion-layout-column fusion_builder_column fusion-builder-column-2 fusion_builder_column_1_2 1_2 fusion-flex-column\" style=\"--awb-bg-size:cover;--awb-width-large:50%;--awb-margin-top-large:0px;--awb-spacing-right-large:3.84%;--awb-margin-bottom-large:20px;--awb-spacing-left-large:3.84%;--awb-width-medium:100%;--awb-spacing-right-medium:1.92%;--awb-spacing-left-medium:1.92%;--awb-width-small:100%;--awb-spacing-right-small:1.92%;--awb-spacing-left-small:1.92%;\"><div class=\"fusion-column-wrapper fusion-flex-justify-content-flex-start fusion-content-layout-column\"><div class=\"fusion-image-element \" style=\"--awb-caption-title-font-family:var(--h2_typography-font-family);--awb-caption-title-font-weight:var(--h2_typography-font-weight);--awb-caption-title-font-style:var(--h2_typography-font-style);--awb-caption-title-size:var(--h2_typography-font-size);--awb-caption-title-transform:var(--h2_typography-text-transform);--awb-caption-title-line-height:var(--h2_typography-line-height);--awb-caption-title-letter-spacing:var(--h2_typography-letter-spacing);\"><span class=\" fusion-imageframe imageframe-none imageframe-1 hover-type-none\"><img decoding=\"async\" width=\"500\" height=\"400\" title=\"marina-img-site-pfcc\" src=\"https:\/\/port.leba.eu\/pl\/wp-content\/uploads\/2020\/03\/marina-img-site-pfcc.png\" data-orig-src=\"https:\/\/port.leba.eu\/pl\/wp-content\/uploads\/2020\/03\/marina-img-site-pfcc.png\" alt class=\"lazyload img-responsive wp-image-14674\" srcset=\"data:image\/svg+xml,%3Csvg%20xmlns%3D%27http%3A%2F%2Fwww.w3.org%2F2000%2Fsvg%27%20width%3D%27500%27%20height%3D%27400%27%20viewBox%3D%270%200%20500%20400%27%3E%3Crect%20width%3D%27500%27%20height%3D%27400%27%20fill-opacity%3D%220%22%2F%3E%3C%2Fsvg%3E\" data-srcset=\"https:\/\/port.leba.eu\/pl\/wp-content\/uploads\/2020\/03\/marina-img-site-pfcc-200x160.png 200w, https:\/\/port.leba.eu\/pl\/wp-content\/uploads\/2020\/03\/marina-img-site-pfcc-400x320.png 400w, https:\/\/port.leba.eu\/pl\/wp-content\/uploads\/2020\/03\/marina-img-site-pfcc.png 500w\" data-sizes=\"auto\" data-orig-sizes=\"(max-width: 1024px) 100vw, (max-width: 640px) 100vw, 500px\" \/><\/span><\/div><\/div><\/div><div class=\"fusion-layout-column fusion_builder_column fusion-builder-column-3 fusion_builder_column_1_2 1_2 fusion-flex-column\" style=\"--awb-bg-size:cover;--awb-width-large:50%;--awb-margin-top-large:0px;--awb-spacing-right-large:3.84%;--awb-margin-bottom-large:20px;--awb-spacing-left-large:3.84%;--awb-width-medium:100%;--awb-spacing-right-medium:1.92%;--awb-spacing-left-medium:1.92%;--awb-width-small:100%;--awb-spacing-right-small:1.92%;--awb-spacing-left-small:1.92%;\"><div class=\"fusion-column-wrapper fusion-flex-justify-content-flex-start fusion-content-layout-column\"><div class=\"fusion-image-element \" style=\"--awb-caption-title-font-family:var(--h2_typography-font-family);--awb-caption-title-font-weight:var(--h2_typography-font-weight);--awb-caption-title-font-style:var(--h2_typography-font-style);--awb-caption-title-size:var(--h2_typography-font-size);--awb-caption-title-transform:var(--h2_typography-text-transform);--awb-caption-title-line-height:var(--h2_typography-line-height);--awb-caption-title-letter-spacing:var(--h2_typography-letter-spacing);\"><span class=\" fusion-imageframe imageframe-none imageframe-2 hover-type-none\"><a href=\"https:\/\/port.leba.eu\/pl\/wp-content\/uploads\/2019\/09\/marina-camp-mapa.jpg\" class=\"fusion-lightbox\" data-rel=\"iLightbox[e78365db119dd1f9984]\" data-title=\"marina-camp-mapa\" title=\"marina-camp-mapa\"><img decoding=\"async\" width=\"862\" height=\"950\" alt=\"marina camp mapa\" src=\"https:\/\/port.leba.eu\/pl\/wp-content\/uploads\/2019\/09\/marina-camp-mapa.jpg\" data-orig-src=\"https:\/\/port.leba.eu\/pl\/wp-content\/uploads\/2019\/09\/marina-camp-mapa.jpg\" class=\"lazyload img-responsive wp-image-14252\" srcset=\"data:image\/svg+xml,%3Csvg%20xmlns%3D%27http%3A%2F%2Fwww.w3.org%2F2000%2Fsvg%27%20width%3D%27862%27%20height%3D%27950%27%20viewBox%3D%270%200%20862%20950%27%3E%3Crect%20width%3D%27862%27%20height%3D%27950%27%20fill-opacity%3D%220%22%2F%3E%3C%2Fsvg%3E\" data-srcset=\"https:\/\/port.leba.eu\/pl\/wp-content\/uploads\/2019\/09\/marina-camp-mapa-200x220.jpg 200w, https:\/\/port.leba.eu\/pl\/wp-content\/uploads\/2019\/09\/marina-camp-mapa-400x441.jpg 400w, https:\/\/port.leba.eu\/pl\/wp-content\/uploads\/2019\/09\/marina-camp-mapa-600x661.jpg 600w, https:\/\/port.leba.eu\/pl\/wp-content\/uploads\/2019\/09\/marina-camp-mapa-800x882.jpg 800w, https:\/\/port.leba.eu\/pl\/wp-content\/uploads\/2019\/09\/marina-camp-mapa.jpg 862w\" data-sizes=\"auto\" data-orig-sizes=\"(max-width: 1024px) 100vw, (max-width: 640px) 100vw, 800px\" \/><\/a><\/span><\/div><\/div><\/div><div class=\"fusion-layout-column fusion_builder_column fusion-builder-column-4 fusion_builder_column_1_2 1_2 fusion-flex-column\" style=\"--awb-bg-size:cover;--awb-width-large:50%;--awb-margin-top-large:0px;--awb-spacing-right-large:3.84%;--awb-margin-bottom-large:20px;--awb-spacing-left-large:3.84%;--awb-width-medium:100%;--awb-spacing-right-medium:1.92%;--awb-spacing-left-medium:1.92%;--awb-width-small:100%;--awb-spacing-right-small:1.92%;--awb-spacing-left-small:1.92%;\"><div class=\"fusion-column-wrapper fusion-flex-justify-content-flex-start fusion-content-layout-column\"><div class=\"fusion-text fusion-text-2\" style=\"--awb-text-transform:none;\"><h1 data-fusion-font=\"true\"><b><mark class=\"fusion-highlight dark highlight1 awb-highlight-background\" style=\"--awb-color:#b20005;\"><span style=\"color: #ffffff;\">Opis obiektu<\/span><\/mark><\/b><\/h1>\n<p>Nasz obiekt zosta\u0142 podzielony na sektory <span style=\"color: #0000ff;\"><strong>A<\/strong><\/span>, <strong><span style=\"color: #00a9d4;\">B<\/span><\/strong> i <strong><span style=\"color: #339966;\">C<\/span><\/strong>. Wszystkie sektory posiadaj\u0105 widok na basen mariny. Sektor A zosta\u0142 wyznaczony po prawej stronie od budynku g\u0142\u00f3wnego. Mie\u015bci si\u0119 tam 7 miejsc postojowych z bezpo\u015brednim widokiem na jachty. Wymiary parceli to szeroko\u015b\u0107 ok 6 x 8 m. Sektor B zosta\u0142 wyznaczony w miejscu postoju dawnych sta\u0142ych przyczep przy drodze prowadz\u0105cej na pla\u017c\u0119, ilo\u015b\u0107 wyznaczonych miejsc pod przyczepy to 8, a ich wymiary to: szeroko\u015b\u0107 od 6 do 7 m i d\u0142ugo\u015b\u0107 od 8 do 15 m. Sektor C zosta\u0142 usytuowany przy kanale portowym z ilo\u015bci\u0105 7 miejsc. Wymiary: szeroko\u015b\u0107 5 m d\u0142ugo\u015b\u0107 7-11 m). \u0141\u0105cznie do Pa\u0144stwa dyspozycji oddajemy 22 miejsca pod przyczepy mieszkalne. Ka\u017cde z tych miejsc posiada pod\u0142\u0105czenie do pr\u0105du oraz wody.<\/p>\n<p>Op\u0142at\u0119 za post\u00f3j nale\u017cy dokona\u0107 z g\u00f3ry w dniu przyjazdu w bosmanacie portu. Nie ma mo\u017cliwo\u015bci skracania pobytu.<\/p>\n<\/div><\/div><\/div><\/div><\/div><div class=\"fusion-fullwidth fullwidth-box fusion-builder-row-3 fusion-flex-container hundred-percent-fullwidth non-hundred-percent-height-scrolling\" style=\"--awb-background-blend-mode:overlay;--awb-border-radius-top-left:0px;--awb-border-radius-top-right:0px;--awb-border-radius-bottom-right:0px;--awb-border-radius-bottom-left:0px;--awb-background-color:rgba(96,125,139,0.12);--awb-flex-wrap:wrap;\" ><div class=\"fusion-builder-row fusion-row fusion-flex-align-items-flex-start fusion-flex-content-wrap\" style=\"width:104% !important;max-width:104% !important;margin-left: calc(-4% \/ 2 );margin-right: calc(-4% \/ 2 );\"><div class=\"fusion-layout-column fusion_builder_column fusion-builder-column-5 fusion_builder_column_1_1 1_1 fusion-flex-column\" style=\"--awb-bg-blend:overlay;--awb-bg-size:cover;--awb-width-large:100%;--awb-margin-top-large:0px;--awb-spacing-right-large:1.92%;--awb-margin-bottom-large:20px;--awb-spacing-left-large:1.92%;--awb-width-medium:100%;--awb-spacing-right-medium:1.92%;--awb-spacing-left-medium:1.92%;--awb-width-small:100%;--awb-spacing-right-small:1.92%;--awb-spacing-left-small:1.92%;\"><div class=\"fusion-column-wrapper fusion-column-has-shadow fusion-flex-justify-content-flex-start fusion-content-layout-column\"><div class=\"fusion-section-separator section-separator curved fusion-section-separator-1\" style=\"--awb-spacer-height:99px;--awb-svg-margin-left:1.92%;--awb-svg-margin-right:1.92%;--awb-svg-margin-left-medium:1.92%;--awb-svg-margin-right-medium:1.92%;--awb-svg-margin-left-small:1.92%;--awb-svg-margin-right-small:1.92%;--awb-divider-height:99px;--awb-spacer-padding-top:inherit;--awb-sep-padding:0;--awb-svg-padding:0;\"><div class=\"fusion-section-separator-svg\"><svg class=\"fusion-curved-candy\" xmlns=\"http:\/\/www.w3.org\/2000\/svg\" version=\"1.1\" width=\"100%\" height=\"100\" viewBox=\"0 0 100 100\" preserveAspectRatio=\"none\" fill=\"rgba(255,255,255,1)\"><path d=\"M0 0 C 20 100 50 100 100 0 Z\"><\/path><\/svg><\/div><div class=\"fusion-section-separator-spacer\"><div class=\"fusion-section-separator-spacer-height\"><\/div><\/div><\/div><\/div><\/div><div class=\"fusion-layout-column fusion_builder_column fusion-builder-column-6 fusion_builder_column_1_1 1_1 fusion-flex-column\" style=\"--awb-bg-blend:overlay;--awb-bg-size:cover;--awb-width-large:100%;--awb-margin-top-large:0px;--awb-spacing-right-large:1.92%;--awb-margin-bottom-large:20px;--awb-spacing-left-large:1.92%;--awb-width-medium:100%;--awb-spacing-right-medium:1.92%;--awb-spacing-left-medium:1.92%;--awb-width-small:100%;--awb-spacing-right-small:1.92%;--awb-spacing-left-small:1.92%;\"><div class=\"fusion-column-wrapper fusion-column-has-shadow fusion-flex-justify-content-flex-start fusion-content-layout-column\"><\/div><\/div><\/div><\/div><div class=\"fusion-fullwidth fullwidth-box fusion-builder-row-4 fusion-flex-container nonhundred-percent-fullwidth non-hundred-percent-height-scrolling\" style=\"--awb-background-position:left top;--awb-background-blend-mode:overlay;--awb-border-sizes-top:0px;--awb-border-sizes-bottom:0px;--awb-border-sizes-left:0px;--awb-border-sizes-right:0px;--awb-border-radius-top-left:0px;--awb-border-radius-top-right:0px;--awb-border-radius-bottom-right:0px;--awb-border-radius-bottom-left:0px;--awb-padding-top:20px;--awb-padding-right:20px;--awb-padding-bottom:20px;--awb-padding-left:20px;--awb-background-color:rgba(96,125,139,0.12);--awb-flex-wrap:wrap;\" id=\"upper-panel\" ><div class=\"fusion-builder-row fusion-row fusion-flex-align-items-flex-start fusion-flex-content-wrap\" style=\"max-width:1456px;margin-left: calc(-4% \/ 2 );margin-right: calc(-4% \/ 2 );\"><div class=\"fusion-layout-column fusion_builder_column fusion-builder-column-7 fusion_builder_column_1_2 1_2 fusion-flex-column\" style=\"--awb-bg-size:cover;--awb-width-large:50%;--awb-margin-top-large:0px;--awb-spacing-right-large:3.84%;--awb-margin-bottom-large:20px;--awb-spacing-left-large:3.84%;--awb-width-medium:100%;--awb-spacing-right-medium:1.92%;--awb-spacing-left-medium:1.92%;--awb-width-small:100%;--awb-spacing-right-small:1.92%;--awb-spacing-left-small:1.92%;\"><div class=\"fusion-column-wrapper fusion-column-has-shadow fusion-flex-justify-content-flex-start fusion-content-layout-column\"><div class=\"fusion-text fusion-text-3\" style=\"--awb-text-transform:none;\"><h1 data-fusion-font=\"true\"><b><mark class=\"fusion-highlight dark highlight1 awb-highlight-background\" style=\"--awb-color:#b20005;\"><span style=\"color: #ffffff;\">Zarz\u0105dzenie<\/span><\/mark><\/b><\/h1>\n<p>ZARZ\u0104DZENIE NR 04\/2022<br \/>\nPrezesa Zarz\u0105du Portu Jachtowego w \u0141ebie Sp. z o.o.<br \/>\nz dnia 31.03.2022 r.<\/p>\n<p>\u00a7 1<\/p>\n<p>Od dnia 31 marca 2022 roku wprowadzam nowe stawki za us\u0142ugi pola campingowego przy ul. Jachtowej 8 w \u0141ebie:<\/p>\n<\/div><div class=\"fusion-text fusion-text-4\" style=\"--awb-text-transform:none;\"><h1 data-fusion-font=\"true\"><b><mark class=\"fusion-highlight dark highlight1 awb-highlight-background\" style=\"--awb-color:#b20005;\"><span style=\"color: #ffffff;\">Cennik<\/span><\/mark><\/b><\/h1>\n<p><strong>Od dnia 31.03.2022 obowi\u0105zuje cennik j.w.<\/strong><\/p>\n<p><strong>Cennik dzienny (tabela &#8211; op\u0142ata za dob\u0119 w PLN)<\/strong><br \/>\nCen\u0119 za dob\u0119 pobytu uzyskujemy sumuj\u0105c ceny za pobyt: osoby + przyczepa\/namiot + pr\u0105d + samoch\u00f3d.<\/p>\n<\/div><ul style=\"--awb-size:16px;--awb-iconcolor:#f44336;--awb-line-height:27.2px;--awb-icon-width:27.2px;--awb-icon-height:27.2px;--awb-icon-margin:11.2px;--awb-content-margin:38.4px;\" class=\"fusion-checklist fusion-checklist-1 fusion-checklist-default type-icons\"><li class=\"fusion-li-item\" style=\"\"><span class=\"icon-wrapper circle-no\"><i class=\"fusion-li-icon fa-clipboard-check fas\" aria-hidden=\"true\"><\/i><\/span><div class=\"fusion-li-item-content\">\n<p>Warunkiem pobytu i postawienia przyczepy jest akceptacja Regulaminu Pola Campingowego Portu Jachtowego w \u0141ebie.<\/p>\n<\/div><\/li><\/ul><ul style=\"--awb-size:16 px;--awb-iconcolor:#f44336;--awb-line-height:27.2px;--awb-icon-width:27.2px;--awb-icon-height:27.2px;--awb-icon-margin:11.2px;--awb-content-margin:38.4px;\" class=\"fusion-checklist fusion-checklist-2 fusion-checklist-default type-icons\"><li class=\"fusion-li-item\" style=\"\"><span class=\"icon-wrapper circle-no\"><i class=\"fusion-li-icon fa-file-alt fas\" aria-hidden=\"true\"><\/i><\/span><div class=\"fusion-li-item-content\"><a href=\"https:\/\/port.leba.eu\/pl\/wp-content\/uploads\/2019\/09\/regulamin-A4-marina-camp.pdf\" target=\"_blank\" rel=\"noopener noreferrer\">Pobierz regulamin Marina Camp<\/a><\/div><\/li><\/ul><div class=\"fusion-separator fusion-full-width-sep\" style=\"align-self: center;margin-left: auto;margin-right: auto;margin-top:20px;margin-bottom:20px;width:100%;\"><\/div><div class=\"fusion-content-boxes content-boxes columns row fusion-columns-1 fusion-columns-total-0 fusion-content-boxes-1 content-boxes-icon-with-title content-left\" style=\"--awb-backgroundcolor:rgba(244,67,54,0);--awb-title-color:#282828;--awb-hover-accent-color:#282828;--awb-circle-hover-accent-color:transparent;--awb-item-margin-bottom:40px;\" data-animationOffset=\"top-into-view\"><div class=\"fusion-clearfix\"><\/div><\/div><\/div><\/div><div class=\"fusion-layout-column fusion_builder_column fusion-builder-column-8 fusion_builder_column_1_2 1_2 fusion-flex-column\" style=\"--awb-bg-size:cover;--awb-width-large:50%;--awb-margin-top-large:0px;--awb-spacing-right-large:3.84%;--awb-margin-bottom-large:20px;--awb-spacing-left-large:3.84%;--awb-width-medium:100%;--awb-spacing-right-medium:1.92%;--awb-spacing-left-medium:1.92%;--awb-width-small:100%;--awb-spacing-right-small:1.92%;--awb-spacing-left-small:1.92%;\"><div class=\"fusion-column-wrapper fusion-column-has-shadow fusion-flex-justify-content-flex-start fusion-content-layout-column\">\n<div class=\"table-1\">\n<table width=\"100%\">\n<tbody>\n<tr>\n<td align=\"left\">Pobyt osoby doros\u0142ej<\/td>\n<td align=\"left\">18<\/td>\n<\/tr>\n<\/tbody>\n<tbody>\n<tr>\n<td align=\"left\">Pobyt dzieci do lat 6<\/td>\n<td align=\"left\">0<\/td>\n<\/tr>\n<\/tbody>\n<tbody>\n<tr>\n<td align=\"left\">Pobyt dzieci 6-12<\/td>\n<td align=\"left\">12<\/td>\n<\/tr>\n<\/tbody>\n<tbody>\n<tr>\n<td align=\"left\">Pobyt m\u0142odzie\u017cy<\/td>\n<td align=\"left\">16<\/td>\n<\/tr>\n<\/tbody>\n<tbody>\n<tr>\n<td align=\"left\">Namiot ma\u0142y (2-osobowy)<\/td>\n<td align=\"left\">17<\/td>\n<\/tr>\n<\/tbody>\n<tbody>\n<tr>\n<td align=\"left\">Namiot \u015bredni (3-4-osobowy)<\/td>\n<td align=\"left\">22<\/td>\n<\/tr>\n<\/tbody>\n<tbody>\n<tr>\n<td align=\"left\">Namiot du\u017cy ( 5-os. i&nbsp;wi\u0119kszy )<\/td>\n<td align=\"left\">36<\/td>\n<\/tr>\n<\/tbody>\n<tbody>\n<tr>\n<td align=\"left\">Ustawienie autokarawanu<\/td>\n<td align=\"left\">54<\/td>\n<\/tr>\n<\/tbody>\n<tbody>\n<tr>\n<td align=\"left\">Ustawienie przyczepy\/busa sypialni<\/td>\n<td align=\"left\">42<\/td>\n<\/tr>\n<\/tbody>\n<tbody>\n<tr>\n<td align=\"left\">Ustawienie przyczepki baga\u017cowej<\/td>\n<td align=\"left\">18<\/td>\n<\/tr>\n<\/tbody>\n<tbody>\n<tr>\n<td align=\"left\">Ustawienie motocykla<\/td>\n<td align=\"left\">12<\/td>\n<\/tr>\n<\/tbody>\n<tbody>\n<tr>\n<td align=\"left\">Ustawienie samochodu<\/td>\n<td align=\"left\">25<\/td>\n<\/tr>\n<\/tbody>\n<tbody>\n<tr>\n<td align=\"left\">Pies i&nbsp;inne zwierz\u0119ta<\/td>\n<td align=\"left\">12<\/td>\n<\/tr>\n<\/tbody>\n<tbody>\n<tr>\n<td align=\"left\">Przy\u0142\u0105cze elektryczne<\/td>\n<td align=\"left\">15<\/td>\n<\/tr>\n<tr>\n<td align=\"left\">Rycza\u0142t miesi\u0119czny (max. 4 osoby w przyczepie)<\/td>\n<td align=\"left\">3000 netto<\/td>\n<\/tr>\n<tr>\n<td align=\"left\">Rycza\u0142t p\u00f3\u0142roczny (max. 4 osoby w przyczepie)<\/td>\n<td align=\"left\">7200 netto<\/td>\n<\/tr>\n<\/tbody>\n<\/table>\n<\/div>\n<\/div><\/div><\/div><\/div><div class=\"fusion-fullwidth fullwidth-box fusion-builder-row-5 fusion-flex-container hundred-percent-fullwidth non-hundred-percent-height-scrolling\" style=\"--awb-background-blend-mode:overlay;--awb-border-radius-top-left:0px;--awb-border-radius-top-right:0px;--awb-border-radius-bottom-right:0px;--awb-border-radius-bottom-left:0px;--awb-padding-bottom:0px;--awb-background-color:rgba(96,125,139,0.12);--awb-flex-wrap:wrap;\" ><div class=\"fusion-builder-row fusion-row fusion-flex-align-items-flex-start fusion-flex-content-wrap\" style=\"width:104% !important;max-width:104% !important;margin-left: calc(-4% \/ 2 );margin-right: calc(-4% \/ 2 );\"><div class=\"fusion-layout-column fusion_builder_column fusion-builder-column-9 fusion_builder_column_1_1 1_1 fusion-flex-column\" style=\"--awb-bg-blend:overlay;--awb-bg-size:cover;--awb-width-large:100%;--awb-margin-top-large:0px;--awb-spacing-right-large:1.92%;--awb-margin-bottom-large:0px;--awb-spacing-left-large:1.92%;--awb-width-medium:100%;--awb-spacing-right-medium:1.92%;--awb-spacing-left-medium:1.92%;--awb-width-small:100%;--awb-spacing-right-small:1.92%;--awb-spacing-left-small:1.92%;\"><div class=\"fusion-column-wrapper fusion-column-has-shadow fusion-flex-justify-content-flex-start fusion-content-layout-column\"><div class=\"fusion-section-separator section-separator curved fusion-section-separator-2\" style=\"--awb-spacer-height:99px;--awb-svg-margin-left:1.92%;--awb-svg-margin-right:1.92%;--awb-svg-margin-left-medium:1.92%;--awb-svg-margin-right-medium:1.92%;--awb-svg-margin-left-small:1.92%;--awb-svg-margin-right-small:1.92%;--awb-divider-height:99px;--awb-spacer-padding-top:inherit;--awb-sep-padding:0;--awb-svg-padding:0;\"><div class=\"fusion-section-separator-svg\"><svg class=\"fusion-curved-candy\" xmlns=\"http:\/\/www.w3.org\/2000\/svg\" version=\"1.1\" width=\"100%\" height=\"100\" viewBox=\"0 0 100 100\" preserveAspectRatio=\"none\" fill=\"rgba(255,255,255,1)\"><path d=\"M0 100 C 20 0 50 0 100 100 Z\"><\/path><\/svg><\/div><div class=\"fusion-section-separator-spacer\"><div class=\"fusion-section-separator-spacer-height\"><\/div><\/div><\/div><\/div><\/div><\/div><\/div><\/p>\n","protected":false},"excerpt":{"rendered":"","protected":false},"author":2,"featured_media":0,"parent":0,"menu_order":0,"comment_status":"closed","ping_status":"closed","template":"100-width.php","meta":{"footnotes":""},"class_list":["post-12765","page","type-page","status-publish","hentry"],"_links":{"self":[{"href":"https:\/\/port.leba.eu\/pl\/wp-json\/wp\/v2\/pages\/12765","targetHints":{"allow":["GET"]}}],"collection":[{"href":"https:\/\/port.leba.eu\/pl\/wp-json\/wp\/v2\/pages"}],"about":[{"href":"https:\/\/port.leba.eu\/pl\/wp-json\/wp\/v2\/types\/page"}],"author":[{"embeddable":true,"href":"https:\/\/port.leba.eu\/pl\/wp-json\/wp\/v2\/users\/2"}],"replies":[{"embeddable":true,"href":"https:\/\/port.leba.eu\/pl\/wp-json\/wp\/v2\/comments?post=12765"}],"version-history":[{"count":94,"href":"https:\/\/port.leba.eu\/pl\/wp-json\/wp\/v2\/pages\/12765\/revisions"}],"predecessor-version":[{"id":15594,"href":"https:\/\/port.leba.eu\/pl\/wp-json\/wp\/v2\/pages\/12765\/revisions\/15594"}],"wp:attachment":[{"href":"https:\/\/port.leba.eu\/pl\/wp-json\/wp\/v2\/media?parent=12765"}],"curies":[{"name":"wp","href":"https:\/\/api.w.org\/{rel}","templated":true}]}}